{"id":350,"date":"2025-03-26T11:53:25","date_gmt":"2025-03-26T11:53:25","guid":{"rendered":"https:\/\/acyacn-racaej.ca\/?page_id=350"},"modified":"2025-05-09T13:57:26","modified_gmt":"2025-05-09T13:57:26","slug":"about-us","status":"publish","type":"page","link":"https:\/\/acyacn-racaej.ca\/fr\/a-propos-de-nous\/","title":{"rendered":"\u00c0 Propos"},"content":{"rendered":"<div data-elementor-type=\"wp-page\" data-elementor-id=\"350\" class=\"elementor elementor-350\" data-elementor-post-type=\"page\">\n\t\t\t\t<div data-dce-background-image-url=\"http:\/\/138.197.131.163\/wp-content\/uploads\/2025\/03\/Vector.svg\" class=\"elementor-element elementor-element-7e72ae9 e-flex e-con-boxed e-con e-parent\" data-id=\"7e72ae9\" data-element_type=\"container\" data-settings=\"{&quot;background_background&quot;:&quot;classic&quot;}\">\n\t\t\t\t\t<div class=\"e-con-inner\">\n\t\t<div class=\"elementor-element elementor-element-91cd779 e-con-full e-flex e-con e-child\" data-id=\"91cd779\" data-element_type=\"container\">\n\t\t\t\t<div class=\"elementor-element elementor-element-1e6e8be elementor-widget elementor-widget-heading\" data-id=\"1e6e8be\" data-element_type=\"widget\" data-widget_type=\"heading.default\">\n\t\t\t\t<div class=\"elementor-widget-container\">\n\t\t\t\t\t<h1 class=\"elementor-heading-title elementor-size-default\">Renforcer le travail des centres d'appui aux enfants et \u00e0 la jeunesse<br>Canada atlantique<\/h1>\t\t\t\t<\/div>\n\t\t\t\t<\/div>\n\t\t\t\t<\/div>\n\t\t<div class=\"elementor-element elementor-element-a1a3b01 e-con-full e-flex e-con e-child\" data-id=\"a1a3b01\" data-element_type=\"container\">\n\t\t\t\t<div class=\"elementor-element elementor-element-a26a52c dce_masking-none elementor-widget elementor-widget-image\" data-id=\"a26a52c\" data-element_type=\"widget\" data-widget_type=\"image.default\">\n\t\t\t\t<div class=\"elementor-widget-container\">\n\t\t\t\t\t\t\t\t\t\t\t\t\t\t\t<img fetchpriority=\"high\" decoding=\"async\" width=\"672\" height=\"448\" src=\"https:\/\/acyacn-racaej.ca\/wp-content\/uploads\/2025\/03\/iStock-1463773444-1.png\" class=\"attachment-large size-large wp-image-371\" alt=\"\" srcset=\"https:\/\/acyacn-racaej.ca\/wp-content\/uploads\/2025\/03\/iStock-1463773444-1.png 672w, https:\/\/acyacn-racaej.ca\/wp-content\/uploads\/2025\/03\/iStock-1463773444-1-300x200.png 300w, https:\/\/acyacn-racaej.ca\/wp-content\/uploads\/2025\/03\/iStock-1463773444-1-18x12.png 18w\" sizes=\"(max-width: 672px) 100vw, 672px\" \/>\t\t\t\t\t\t\t\t\t\t\t\t\t\t\t<\/div>\n\t\t\t\t<\/div>\n\t\t\t\t<\/div>\n\t\t\t\t\t<\/div>\n\t\t\t\t<\/div>\n\t\t<div class=\"elementor-element elementor-element-4298014 e-flex e-con-boxed e-con e-parent\" data-id=\"4298014\" data-element_type=\"container\">\n\t\t\t\t\t<div class=\"e-con-inner\">\n\t\t<div class=\"elementor-element elementor-element-035ece9 e-con-full e-flex e-con e-child\" data-id=\"035ece9\" data-element_type=\"container\">\n\t\t\t\t<div class=\"elementor-element elementor-element-a66f150 elementor-widget elementor-widget-text-editor\" data-id=\"a66f150\" data-element_type=\"widget\" data-widget_type=\"text-editor.default\">\n\t\t\t\t<div class=\"elementor-widget-container\">\n\t\t\t\t\t\t\t\t\t<p>Le R\u00e9seau de centres d\u2019appui aux enfants et \u00e0 la jeunesse (CAEJ) de l\u2019Atlantique est le fruit d\u2019une collaboration entre les CAEJ \u00e9tablis et en cr\u00e9ation du Canada atlantique. Ensemble, nous soutenons le travail important des CAEJ aupr\u00e8s des enfants et des jeunes qui sont victimes de violence et aupr\u00e8s de leur famille.<\/p>\t\t\t\t\t\t\t\t<\/div>\n\t\t\t\t<\/div>\n\t\t\t\t<\/div>\n\t\t\t\t\t<\/div>\n\t\t\t\t<\/div>\n\t\t<div class=\"elementor-element elementor-element-9eae108 e-flex e-con-boxed e-con e-parent\" data-id=\"9eae108\" data-element_type=\"container\">\n\t\t\t\t\t<div class=\"e-con-inner\">\n\t\t<div class=\"elementor-element elementor-element-1d2cc5c e-con-full e-flex e-con e-child\" data-id=\"1d2cc5c\" data-element_type=\"container\">\n\t\t\t\t<div class=\"elementor-element elementor-element-58860bb dce_masking-none elementor-widget elementor-widget-image\" data-id=\"58860bb\" data-element_type=\"widget\" data-widget_type=\"image.default\">\n\t\t\t\t<div class=\"elementor-widget-container\">\n\t\t\t\t\t\t\t\t\t\t\t\t\t\t\t<img decoding=\"async\" width=\"93\" height=\"45\" src=\"https:\/\/acyacn-racaej.ca\/wp-content\/uploads\/2025\/03\/Group-73.svg\" class=\"attachment-large size-large wp-image-86\" alt=\"\" \/>\t\t\t\t\t\t\t\t\t\t\t\t\t\t\t<\/div>\n\t\t\t\t<\/div>\n\t\t<div class=\"elementor-element elementor-element-504c6c2 e-con-full e-flex e-con e-child\" data-id=\"504c6c2\" data-element_type=\"container\">\n\t\t\t\t<div class=\"elementor-element elementor-element-76740af elementor-widget elementor-widget-heading\" data-id=\"76740af\" data-element_type=\"widget\" data-widget_type=\"heading.default\">\n\t\t\t\t<div class=\"elementor-widget-container\">\n\t\t\t\t\t<h2 class=\"elementor-heading-title elementor-size-default\">Priorit\u00e9s du r\u00e9seau<\/h2>\t\t\t\t<\/div>\n\t\t\t\t<\/div>\n\t\t\t\t<\/div>\n\t\t\t\t<\/div>\n\t\t<div class=\"elementor-element elementor-element-89170b6 e-con-full e-flex e-con e-child\" data-id=\"89170b6\" data-element_type=\"container\">\n\t\t<div class=\"elementor-element elementor-element-0cca5ab e-con-full e-flex e-con e-child\" data-id=\"0cca5ab\" data-element_type=\"container\">\n\t\t\t\t<div class=\"elementor-element elementor-element-996a963 dce_masking-none elementor-widget elementor-widget-image\" data-id=\"996a963\" data-element_type=\"widget\" data-widget_type=\"image.default\">\n\t\t\t\t<div class=\"elementor-widget-container\">\n\t\t\t\t\t\t\t\t\t\t\t\t\t\t\t<img decoding=\"async\" width=\"800\" height=\"800\" src=\"https:\/\/acyacn-racaej.ca\/wp-content\/uploads\/2025\/03\/Layer_1-4.svg\" class=\"attachment-large size-large wp-image-385\" alt=\"\" \/>\t\t\t\t\t\t\t\t\t\t\t\t\t\t\t<\/div>\n\t\t\t\t<\/div>\n\t\t\t\t<div class=\"elementor-element elementor-element-4b5aed8 elementor-widget elementor-widget-heading\" data-id=\"4b5aed8\" data-element_type=\"widget\" data-widget_type=\"heading.default\">\n\t\t\t\t<div class=\"elementor-widget-container\">\n\t\t\t\t\t<h2 class=\"elementor-heading-title elementor-size-default\">Renforcement des liens<\/h2>\t\t\t\t<\/div>\n\t\t\t\t<\/div>\n\t\t\t\t<div class=\"elementor-element elementor-element-1c8c751 elementor-widget elementor-widget-heading\" data-id=\"1c8c751\" data-element_type=\"widget\" data-widget_type=\"heading.default\">\n\t\t\t\t<div class=\"elementor-widget-container\">\n\t\t\t\t\t<p class=\"elementor-heading-title elementor-size-default\">Nous tissons des liens entre les CAEJ du Canada atlantique, en vue de cr\u00e9er des relations solides pour renforcer les capacit\u00e9s et la croissance des CAEJ de notre r\u00e9gion.<\/p>\t\t\t\t<\/div>\n\t\t\t\t<\/div>\n\t\t\t\t<\/div>\n\t\t<div class=\"elementor-element elementor-element-ea750b2 e-con-full e-flex e-con e-child\" data-id=\"ea750b2\" data-element_type=\"container\">\n\t\t\t\t<div class=\"elementor-element elementor-element-b56e055 dce_masking-none elementor-widget elementor-widget-image\" data-id=\"b56e055\" data-element_type=\"widget\" data-widget_type=\"image.default\">\n\t\t\t\t<div class=\"elementor-widget-container\">\n\t\t\t\t\t\t\t\t\t\t\t\t\t\t\t<img loading=\"lazy\" decoding=\"async\" width=\"800\" height=\"800\" src=\"https:\/\/acyacn-racaej.ca\/wp-content\/uploads\/2025\/03\/Layer_1-2-1.svg\" class=\"attachment-large size-large wp-image-384\" alt=\"\" \/>\t\t\t\t\t\t\t\t\t\t\t\t\t\t\t<\/div>\n\t\t\t\t<\/div>\n\t\t\t\t<div class=\"elementor-element elementor-element-b57f11d elementor-widget elementor-widget-heading\" data-id=\"b57f11d\" data-element_type=\"widget\" data-widget_type=\"heading.default\">\n\t\t\t\t<div class=\"elementor-widget-container\">\n\t\t\t\t\t<h2 class=\"elementor-heading-title elementor-size-default\">\u00c9changes de connaissances<\/h2>\t\t\t\t<\/div>\n\t\t\t\t<\/div>\n\t\t\t\t<div class=\"elementor-element elementor-element-d8762bb elementor-widget elementor-widget-heading\" data-id=\"d8762bb\" data-element_type=\"widget\" data-widget_type=\"heading.default\">\n\t\t\t\t<div class=\"elementor-widget-container\">\n\t\t\t\t\t<p class=\"elementor-heading-title elementor-size-default\">Nous encourageons les CAEJ et leurs partenaires multidisciplinaires \u00e0 mutualiser leurs connaissances, leurs ressources et leurs informations dans le but de rendre leur travail plus efficace.\u00a0<\/p>\t\t\t\t<\/div>\n\t\t\t\t<\/div>\n\t\t\t\t<\/div>\n\t\t<div class=\"elementor-element elementor-element-d6a6b3d e-con-full e-flex e-con e-child\" data-id=\"d6a6b3d\" data-element_type=\"container\">\n\t\t\t\t<div class=\"elementor-element elementor-element-61526ea dce_masking-none elementor-widget elementor-widget-image\" data-id=\"61526ea\" data-element_type=\"widget\" data-widget_type=\"image.default\">\n\t\t\t\t<div class=\"elementor-widget-container\">\n\t\t\t\t\t\t\t\t\t\t\t\t\t\t\t<img loading=\"lazy\" decoding=\"async\" width=\"800\" height=\"800\" src=\"https:\/\/acyacn-racaej.ca\/wp-content\/uploads\/2025\/03\/Layer_1-3.svg\" class=\"attachment-large size-large wp-image-383\" alt=\"\" \/>\t\t\t\t\t\t\t\t\t\t\t\t\t\t\t<\/div>\n\t\t\t\t<\/div>\n\t\t\t\t<div class=\"elementor-element elementor-element-21b36d2 elementor-widget elementor-widget-heading\" data-id=\"21b36d2\" data-element_type=\"widget\" data-widget_type=\"heading.default\">\n\t\t\t\t<div class=\"elementor-widget-container\">\n\t\t\t\t\t<h2 class=\"elementor-heading-title elementor-size-default\">Am\u00e9lioration des pratiques<\/h2>\t\t\t\t<\/div>\n\t\t\t\t<\/div>\n\t\t\t\t<div class=\"elementor-element elementor-element-45b06e0 elementor-widget elementor-widget-heading\" data-id=\"45b06e0\" data-element_type=\"widget\" data-widget_type=\"heading.default\">\n\t\t\t\t<div class=\"elementor-widget-container\">\n\t\t\t\t\t<p class=\"elementor-heading-title elementor-size-default\">Nous d\u00e9veloppons des capacit\u00e9s de lutte contre la maltraitance infantile dans le Canada atlantique, bas\u00e9es sur des pratiques \u00e9prouv\u00e9es, ax\u00e9es sur le client et tenant compte des traumatismes.<\/p>\t\t\t\t<\/div>\n\t\t\t\t<\/div>\n\t\t\t\t<\/div>\n\t\t\t\t<\/div>\n\t\t\t\t\t<\/div>\n\t\t\t\t<\/div>\n\t\t<div class=\"elementor-element elementor-element-d7911f9 e-flex e-con-boxed e-con e-parent\" data-id=\"d7911f9\" data-element_type=\"container\" data-settings=\"{&quot;background_background&quot;:&quot;classic&quot;}\">\n\t\t\t\t\t<div class=\"e-con-inner\">\n\t\t<div class=\"elementor-element elementor-element-9a0f285 e-con-full e-flex e-con e-child\" data-id=\"9a0f285\" data-element_type=\"container\">\n\t\t\t\t<div class=\"elementor-element elementor-element-badafd5 dce_masking-none elementor-widget elementor-widget-image\" data-id=\"badafd5\" data-element_type=\"widget\" data-widget_type=\"image.default\">\n\t\t\t\t<div class=\"elementor-widget-container\">\n\t\t\t\t\t\t\t\t\t\t\t\t\t\t\t<img loading=\"lazy\" decoding=\"async\" width=\"611\" height=\"488\" src=\"https:\/\/acyacn-racaej.ca\/wp-content\/uploads\/2025\/03\/Frame-9.png\" class=\"attachment-large size-large wp-image-386\" alt=\"\" srcset=\"https:\/\/acyacn-racaej.ca\/wp-content\/uploads\/2025\/03\/Frame-9.png 611w, https:\/\/acyacn-racaej.ca\/wp-content\/uploads\/2025\/03\/Frame-9-300x240.png 300w, https:\/\/acyacn-racaej.ca\/wp-content\/uploads\/2025\/03\/Frame-9-15x12.png 15w\" sizes=\"(max-width: 611px) 100vw, 611px\" \/>\t\t\t\t\t\t\t\t\t\t\t\t\t\t\t<\/div>\n\t\t\t\t<\/div>\n\t\t\t\t<\/div>\n\t\t<div class=\"elementor-element elementor-element-868fbfb e-con-full e-flex e-con e-child\" data-id=\"868fbfb\" data-element_type=\"container\">\n\t\t\t\t<div class=\"elementor-element elementor-element-1dbd6e3 elementor-widget elementor-widget-heading\" data-id=\"1dbd6e3\" data-element_type=\"widget\" data-widget_type=\"heading.default\">\n\t\t\t\t<div class=\"elementor-widget-container\">\n\t\t\t\t\t<p class=\"elementor-heading-title elementor-size-default\">Notre histoire<\/p>\t\t\t\t<\/div>\n\t\t\t\t<\/div>\n\t\t\t\t<div class=\"elementor-element elementor-element-7993cb6 elementor-widget elementor-widget-heading\" data-id=\"7993cb6\" data-element_type=\"widget\" data-widget_type=\"heading.default\">\n\t\t\t\t<div class=\"elementor-widget-container\">\n\t\t\t\t\t<h2 class=\"elementor-heading-title elementor-size-default\">La croissance du r\u00e9seau des CYAC de l&#039;Atlantique<\/h2>\t\t\t\t<\/div>\n\t\t\t\t<\/div>\n\t\t\t\t<div class=\"elementor-element elementor-element-2414102 elementor-widget elementor-widget-heading\" data-id=\"2414102\" data-element_type=\"widget\" data-widget_type=\"heading.default\">\n\t\t\t\t<div class=\"elementor-widget-container\">\n\t\t\t\t\t<p class=\"elementor-heading-title elementor-size-default\">Le R\u00e9seau des CAEJ de l\u2019Atlantique est n\u00e9 en 2018 d\u2019un petit groupe de CAEJ \u00e9tablis ou en cr\u00e9ation voulant renforcer leurs liens et les capacit\u00e9s disponibles dans le Canada atlantique. Depuis lors, le r\u00e9seau s\u2019est d\u00e9velopp\u00e9 et compte d\u00e9sormais cinq CAEJ ouverts ou en cours de cr\u00e9ation. En plus de tisser des liens entre les CAEJ, le r\u00e9seau favorise les \u00e9changes des connaissances et fait la promotion de possibilit\u00e9s d\u2019apprentissage avec nos partenaires multidisciplinaires du Canada atlantique. Ensemble, nous renfor\u00e7ons les actions du milieu communautaire en faveur des enfants, des jeunes et des familles.<\/p>\t\t\t\t<\/div>\n\t\t\t\t<\/div>\n\t\t\t\t<\/div>\n\t\t\t\t\t<\/div>\n\t\t\t\t<\/div>\n\t\t<div class=\"elementor-element elementor-element-5592f1b e-flex e-con-boxed e-con e-parent\" data-id=\"5592f1b\" data-element_type=\"container\" data-settings=\"{&quot;background_background&quot;:&quot;classic&quot;}\">\n\t\t\t\t\t<div class=\"e-con-inner\">\n\t\t<div class=\"elementor-element elementor-element-d11905f e-con-full e-flex e-con e-child\" data-id=\"d11905f\" data-element_type=\"container\">\n\t\t\t\t<div class=\"elementor-element elementor-element-d7b1e6a dce_masking-none elementor-widget elementor-widget-image\" data-id=\"d7b1e6a\" data-element_type=\"widget\" data-widget_type=\"image.default\">\n\t\t\t\t<div class=\"elementor-widget-container\">\n\t\t\t\t\t\t\t\t\t\t\t\t\t\t\t<img loading=\"lazy\" decoding=\"async\" width=\"607\" height=\"489\" src=\"https:\/\/acyacn-racaej.ca\/wp-content\/uploads\/2025\/03\/Layer_1-3.png\" class=\"attachment-large size-large wp-image-387\" alt=\"\" srcset=\"https:\/\/acyacn-racaej.ca\/wp-content\/uploads\/2025\/03\/Layer_1-3.png 607w, https:\/\/acyacn-racaej.ca\/wp-content\/uploads\/2025\/03\/Layer_1-3-300x242.png 300w, https:\/\/acyacn-racaej.ca\/wp-content\/uploads\/2025\/03\/Layer_1-3-15x12.png 15w\" sizes=\"(max-width: 607px) 100vw, 607px\" \/>\t\t\t\t\t\t\t\t\t\t\t\t\t\t\t<\/div>\n\t\t\t\t<\/div>\n\t\t\t\t<\/div>\n\t\t<div class=\"elementor-element elementor-element-4a5b9c9 e-con-full e-flex e-con e-child\" data-id=\"4a5b9c9\" data-element_type=\"container\">\n\t\t\t\t<div class=\"elementor-element elementor-element-224a1d7 elementor-widget elementor-widget-heading\" data-id=\"224a1d7\" data-element_type=\"widget\" data-widget_type=\"heading.default\">\n\t\t\t\t<div class=\"elementor-widget-container\">\n\t\t\t\t\t<p class=\"elementor-heading-title elementor-size-default\">Notre contexte<\/p>\t\t\t\t<\/div>\n\t\t\t\t<\/div>\n\t\t\t\t<div class=\"elementor-element elementor-element-1044daf elementor-widget elementor-widget-heading\" data-id=\"1044daf\" data-element_type=\"widget\" data-widget_type=\"heading.default\">\n\t\t\t\t<div class=\"elementor-widget-container\">\n\t\t\t\t\t<h2 class=\"elementor-heading-title elementor-size-default\">Les CYAC \u00e0 travers le Canada<\/h2>\t\t\t\t<\/div>\n\t\t\t\t<\/div>\n\t\t\t\t<div class=\"elementor-element elementor-element-76dd4f1 elementor-widget elementor-widget-heading\" data-id=\"76dd4f1\" data-element_type=\"widget\" data-widget_type=\"heading.default\">\n\t\t\t\t<div class=\"elementor-widget-container\">\n\t\t\t\t\t<p class=\"elementor-heading-title elementor-size-default\">Faisant partie d\u2019un mouvement de plus de 40 CAEJ ouverts ou en cr\u00e9ation \u00e0 travers le Canada, le R\u00e9seau des CAEJ de l\u2019Atlantique est d\u00e9sormais l\u2019un des nombreux r\u00e9seaux r\u00e9gionaux et provinciaux de CAEJ du pays.<\/p>\t\t\t\t<\/div>\n\t\t\t\t<\/div>\n\t\t\t\t<div class=\"elementor-element elementor-element-f1a2296 elementor-widget elementor-widget-button\" data-id=\"f1a2296\" data-element_type=\"widget\" data-widget_type=\"button.default\">\n\t\t\t\t<div class=\"elementor-widget-container\">\n\t\t\t\t\t\t\t\t\t<div class=\"elementor-button-wrapper\">\n\t\t\t\t\t<a class=\"elementor-button elementor-button-link elementor-size-sm\" href=\"https:\/\/cac-cae.ca\/\" target=\"_blank\">\n\t\t\t\t\t\t<span class=\"elementor-button-content-wrapper\">\n\t\t\t\t\t\t\t\t\t<span class=\"elementor-button-text\">En savoir plus sur les CAEJ \u00e0 travers le Canada<\/span>\n\t\t\t\t\t<\/span>\n\t\t\t\t\t<\/a>\n\t\t\t\t<\/div>\n\t\t\t\t\t\t\t\t<\/div>\n\t\t\t\t<\/div>\n\t\t\t\t<\/div>\n\t\t\t\t\t<\/div>\n\t\t\t\t<\/div>\n\t\t<div data-dce-background-image-url=\"http:\/\/138.197.131.163\/wp-content\/uploads\/2025\/03\/Group-298-1.png\" class=\"elementor-element elementor-element-905fbbc e-flex e-con-boxed e-con e-parent\" data-id=\"905fbbc\" data-element_type=\"container\" data-settings=\"{&quot;background_background&quot;:&quot;classic&quot;}\">\n\t\t\t\t\t<div class=\"e-con-inner\">\n\t\t\t\t<div class=\"elementor-element elementor-element-02bbd18 elementor-widget-divider--view-line elementor-widget elementor-widget-divider\" data-id=\"02bbd18\" data-element_type=\"widget\" data-widget_type=\"divider.default\">\n\t\t\t\t<div class=\"elementor-widget-container\">\n\t\t\t\t\t\t\t<div class=\"elementor-divider\">\n\t\t\t<span class=\"elementor-divider-separator\">\n\t\t\t\t\t\t<\/span>\n\t\t<\/div>\n\t\t\t\t\t\t<\/div>\n\t\t\t\t<\/div>\n\t\t\t\t\t<\/div>\n\t\t\t\t<\/div>\n\t\t\t\t<\/div>","protected":false},"excerpt":{"rendered":"<p>Strengthening the work of Child and Youth Advocacy Centres in\u2028Atlantic Canada The Atlantic Child and Youth Advocacy Centre (CYAC) Network is a collaboration of established and emerging Child and Youth Advocacy Centres (CYACs) across Atlantic Canada. Together, we support the important work of CYACs as they serve children and youth who have experienced abuse, and [&hellip;]<\/p>","protected":false},"author":1,"featured_media":0,"parent":0,"menu_order":0,"comment_status":"closed","ping_status":"closed","template":"elementor_header_footer","meta":{"_acf_changed":false,"inline_featured_image":false,"footnotes":""},"class_list":["post-350","page","type-page","status-publish","hentry"],"acf":[],"_links":{"self":[{"href":"https:\/\/acyacn-racaej.ca\/fr\/wp-json\/wp\/v2\/pages\/350","targetHints":{"allow":["GET"]}}],"collection":[{"href":"https:\/\/acyacn-racaej.ca\/fr\/wp-json\/wp\/v2\/pages"}],"about":[{"href":"https:\/\/acyacn-racaej.ca\/fr\/wp-json\/wp\/v2\/types\/page"}],"author":[{"embeddable":true,"href":"https:\/\/acyacn-racaej.ca\/fr\/wp-json\/wp\/v2\/users\/1"}],"replies":[{"embeddable":true,"href":"https:\/\/acyacn-racaej.ca\/fr\/wp-json\/wp\/v2\/comments?post=350"}],"version-history":[{"count":43,"href":"https:\/\/acyacn-racaej.ca\/fr\/wp-json\/wp\/v2\/pages\/350\/revisions"}],"predecessor-version":[{"id":1005,"href":"https:\/\/acyacn-racaej.ca\/fr\/wp-json\/wp\/v2\/pages\/350\/revisions\/1005"}],"wp:attachment":[{"href":"https:\/\/acyacn-racaej.ca\/fr\/wp-json\/wp\/v2\/media?parent=350"}],"curies":[{"name":"wp","href":"https:\/\/api.w.org\/{rel}","templated":true}]}}