{"id":352,"date":"2025-03-26T11:53:50","date_gmt":"2025-03-26T11:53:50","guid":{"rendered":"https:\/\/acyacn-racaej.ca\/?page_id=352"},"modified":"2025-05-28T12:07:10","modified_gmt":"2025-05-28T12:07:10","slug":"cyac-locations","status":"publish","type":"page","link":"https:\/\/acyacn-racaej.ca\/fr\/emplacements-cyac\/","title":{"rendered":"Coordonn\u00e9es des CAEJ"},"content":{"rendered":"<div data-elementor-type=\"wp-page\" data-elementor-id=\"352\" class=\"elementor elementor-352\" data-elementor-post-type=\"page\">\n\t\t\t\t<div data-dce-background-image-url=\"http:\/\/138.197.131.163\/wp-content\/uploads\/2025\/03\/Frame-8.png\" class=\"elementor-element elementor-element-a338999 e-flex e-con-boxed e-con e-parent\" data-id=\"a338999\" data-element_type=\"container\" data-settings=\"{&quot;background_background&quot;:&quot;classic&quot;}\">\n\t\t\t\t\t<div class=\"e-con-inner\">\n\t\t<div class=\"elementor-element elementor-element-69a96eb e-con-full e-flex e-con e-child\" data-id=\"69a96eb\" data-element_type=\"container\">\n\t\t\t\t<div class=\"elementor-element elementor-element-074c4d9 elementor-widget elementor-widget-heading\" data-id=\"074c4d9\" data-element_type=\"widget\" data-widget_type=\"heading.default\">\n\t\t\t\t<div class=\"elementor-widget-container\">\n\t\t\t\t\t<h1 class=\"elementor-heading-title elementor-size-default\">Centres d'appui aux enfants et \u00e0 la jeunesse <br>dans l&#039;Atlantique <br>Canada<\/h1>\t\t\t\t<\/div>\n\t\t\t\t<\/div>\n\t\t\t\t<\/div>\n\t\t<div class=\"elementor-element elementor-element-a894518 e-con-full e-flex e-con e-child\" data-id=\"a894518\" data-element_type=\"container\">\n\t\t\t\t<\/div>\n\t\t\t\t\t<\/div>\n\t\t\t\t<\/div>\n\t\t<div class=\"elementor-element elementor-element-880992b map-wrapper e-flex e-con-boxed e-con e-parent\" data-id=\"880992b\" data-element_type=\"container\">\n\t\t\t\t\t<div class=\"e-con-inner\">\n\t\t<div class=\"elementor-element elementor-element-6193038 e-con-full e-flex e-con e-child\" data-id=\"6193038\" data-element_type=\"container\">\n\t\t\t\t<div class=\"elementor-element elementor-element-7e54f67 elementor-widget elementor-widget-heading\" data-id=\"7e54f67\" data-element_type=\"widget\" data-widget_type=\"heading.default\">\n\t\t\t\t<div class=\"elementor-widget-container\">\n\t\t\t\t\t<h2 class=\"elementor-heading-title elementor-size-default\">Nos emplacements<\/h2>\t\t\t\t<\/div>\n\t\t\t\t<\/div>\n\t\t\t\t<div class=\"elementor-element elementor-element-80eafd5 elementor-widget__width-initial elementor-widget elementor-widget-heading\" data-id=\"80eafd5\" data-element_type=\"widget\" data-widget_type=\"heading.default\">\n\t\t\t\t<div class=\"elementor-widget-container\">\n\t\t\t\t\t<h2 class=\"elementor-heading-title elementor-size-default\">Il est possible que les programmes et les services varient d\u2019un centre \u00e0 l\u2019autre. \nLes personnes d\u00e9sirant de plus amples informations sont invit\u00e9es \u00e0 contacter directement leur CAEJ.<\/h2>\t\t\t\t<\/div>\n\t\t\t\t<\/div>\n\t\t\t\t<\/div>\n\t\t\t\t<div class=\"elementor-element elementor-element-80f8d18 elementor-widget elementor-widget-html\" data-id=\"80f8d18\" data-element_type=\"widget\" data-widget_type=\"html.default\">\n\t\t\t\t<div class=\"elementor-widget-container\">\n\t\t\t\t\t<!-- CONTENEDOR -->\r\n<div id=\"mapContainer\" style=\"width: 100%; height: auto; overflow: hidden; position: relative;\">\r\n  <div id=\"mapZoom\" style=\"width: fit-content; height: fit-content;\">\r\n    <img decoding=\"async\" src=\"https:\/\/acyacn-racaej.ca\/wp-content\/uploads\/2025\/04\/Nova_Scotia_province_of_Canada_gray_political_map.svg\" alt=\"Carte\" id=\"mapImage\" style=\"width: 100%;\" \/>\r\n\r\n    <!-- PINES -->\r\n    <img decoding=\"async\" src=\"https:\/\/acyacn-racaej.ca\/wp-content\/uploads\/2025\/04\/Vector-1.svg\" class=\"map-pin active\" style=\"top: 49.06%; left: 33.984%;\" \/>\r\n    <img decoding=\"async\" src=\"https:\/\/acyacn-racaej.ca\/wp-content\/uploads\/2025\/04\/Vector-1.svg\" class=\"map-pin\" style=\"top: 75.004%; left: 42.316%;\" \/>\r\n    <img decoding=\"async\" src=\"https:\/\/acyacn-racaej.ca\/wp-content\/uploads\/2025\/04\/Vector-1.svg\" class=\"map-pin\" style=\"top: 62.5%;left: 24.85%;\" \/>\r\n    <img decoding=\"async\" src=\"https:\/\/acyacn-racaej.ca\/wp-content\/uploads\/2025\/04\/Vector-1.svg\" class=\"map-pin\" style=\"top: 51.147%; left: 17.805%;\" \/>\r\n    <img decoding=\"async\" src=\"https:\/\/acyacn-racaej.ca\/wp-content\/uploads\/2025\/04\/Vector-1.svg\" class=\"map-pin\" style=\"top: 21.918%; left: 30.52%;\" \/>\r\n    \r\n    \r\n  <\/div>\r\n<\/div>\r\n\r\n\r\n\r\n<script>\r\n \r\n\t\r\n\t\/*\r\n  let pz; \/\/ hacemos pz accesible globalmente\r\n\r\n  window.addEventListener(\"load\", function () {\r\n    const mapElement = document.getElementById(\"mapZoom\");\r\n\r\n    if (!mapElement) {\r\n      console.warn(\"No se encontr\u00f3 el elemento #mapZoom\");\r\n      return;\r\n    }\r\n\r\n    pz = panzoom(mapElement, {\r\n      maxScale: 3,\r\n      minScale: 1,\r\n      bounds: true,\r\n      boundsPadding: 0.1\r\n    });\r\n\r\n    \/\/ Asocia zoom con la rueda del rat\u00f3n\r\n    mapElement.parentElement.addEventListener(\"wheel\", pz.zoomWithWheel, { passive: true });\r\n\r\n    \/\/ Debug opcional\r\n    pz.on(\"zoom\", function () {\r\n      console.log(\"Transformaci\u00f3n actual:\", pz.getTransform());\r\n    });\r\n  });\r\n*\/\r\n\r\n<\/script>\r\n\r\n\r\n\r\n<style>\r\n  #mapContainer {\r\n    background: #7ba7ad;\r\n    border-radius: 12px;\r\n  }\r\n\r\n  #mapImage {\r\n    display: block;\r\n \r\n    height: auto;\r\n  }\r\n\r\n  .map-pin {\r\n    position: absolute;\r\n    width: 40px;\r\n    height: 56px;\r\n    transform: translate(-50%, -100%);\r\n\r\n    pointer-events: auto;\r\n    cursor: pointer;\r\n    transition: 0.2s;\r\n  }\r\n\r\n  .map-pin.active {\r\n    filter: hue-rotate(16deg) brightness(1.21)\r\n  }\r\n  #mapZoom {\r\n      height: 500px\r\n  }\r\n  \r\n  @media(max-width:767px){\r\n      .map-pin {\r\n    width: 20px;\r\n    height: 28px;\r\n  \r\n  }\r\n  }\r\n\r\n<\/style>\t\t\t\t<\/div>\n\t\t\t\t<\/div>\n\t\t<div class=\"elementor-element elementor-element-836e470 e-grid e-con-full e-con e-child\" data-id=\"836e470\" data-element_type=\"container\">\n\t\t<div class=\"elementor-element elementor-element-1e86ca9 e-con-full location-wrap active e-flex e-con e-child\" data-id=\"1e86ca9\" data-element_type=\"container\">\n\t\t\t\t<div class=\"elementor-element elementor-element-2436467 elementor-widget elementor-widget-heading\" data-id=\"2436467\" data-element_type=\"widget\" data-widget_type=\"heading.default\">\n\t\t\t\t<div class=\"elementor-widget-container\">\n\t\t\t\t\t<h2 class=\"elementor-heading-title elementor-size-default\">Centre d&#039;expertise pour l&#039;enfance et la jeunesse bor\u00e9ale<\/h2>\t\t\t\t<\/div>\n\t\t\t\t<\/div>\n\t\t\t\t<div class=\"elementor-element elementor-element-a9f8b95 elementor-widget elementor-widget-heading\" data-id=\"a9f8b95\" data-element_type=\"widget\" data-widget_type=\"heading.default\">\n\t\t\t\t<div class=\"elementor-widget-container\">\n\t\t\t\t\t<h2 class=\"elementor-heading-title elementor-size-default\">Dieppe, N.-B. <\/h2>\t\t\t\t<\/div>\n\t\t\t\t<\/div>\n\t\t\t\t<div class=\"elementor-element elementor-element-da61be8 elementor-widget elementor-widget-heading\" data-id=\"da61be8\" data-element_type=\"widget\" data-widget_type=\"heading.default\">\n\t\t\t\t<div class=\"elementor-widget-container\">\n\t\t\t\t\t<p class=\"elementor-heading-title elementor-size-default\"><a href=\"https:\/\/www.centreboreal.com\/\" target=\"_blank\">Site web<\/a><\/p>\t\t\t\t<\/div>\n\t\t\t\t<\/div>\n\t\t\t\t<\/div>\n\t\t<div class=\"elementor-element elementor-element-7f429f8 e-con-full location-wrap e-flex e-con e-child\" data-id=\"7f429f8\" data-element_type=\"container\">\n\t\t\t\t<div class=\"elementor-element elementor-element-d694291 elementor-widget__width-initial elementor-widget elementor-widget-heading\" data-id=\"d694291\" data-element_type=\"widget\" data-widget_type=\"heading.default\">\n\t\t\t\t<div class=\"elementor-widget-container\">\n\t\t\t\t\t<h2 class=\"elementor-heading-title elementor-size-default\">Centre de d\u00e9fense des enfants et des jeunes SeaStar\n<\/h2>\t\t\t\t<\/div>\n\t\t\t\t<\/div>\n\t\t\t\t<div class=\"elementor-element elementor-element-2066951 elementor-widget elementor-widget-heading\" data-id=\"2066951\" data-element_type=\"widget\" data-widget_type=\"heading.default\">\n\t\t\t\t<div class=\"elementor-widget-container\">\n\t\t\t\t\t<h2 class=\"elementor-heading-title elementor-size-default\">Halifax, N.-\u00c9.<\/h2>\t\t\t\t<\/div>\n\t\t\t\t<\/div>\n\t\t\t\t<div class=\"elementor-element elementor-element-08c434d elementor-widget elementor-widget-heading\" data-id=\"08c434d\" data-element_type=\"widget\" data-widget_type=\"heading.default\">\n\t\t\t\t<div class=\"elementor-widget-container\">\n\t\t\t\t\t<p class=\"elementor-heading-title elementor-size-default\"><a href=\"https:\/\/www.seastarcyac.ca\/\" target=\"_blank\">Site web<\/a><\/p>\t\t\t\t<\/div>\n\t\t\t\t<\/div>\n\t\t\t\t<\/div>\n\t\t<div class=\"elementor-element elementor-element-43523b2 e-con-full location-wrap e-flex e-con e-child\" data-id=\"43523b2\" data-element_type=\"container\">\n\t\t\t\t<div class=\"elementor-element elementor-element-77f06c5 elementor-widget elementor-widget-heading\" data-id=\"77f06c5\" data-element_type=\"widget\" data-widget_type=\"heading.default\">\n\t\t\t\t<div class=\"elementor-widget-container\">\n\t\t\t\t\t<h2 class=\"elementor-heading-title elementor-size-default\">Kit&#039;s Place CYAC<\/h2>\t\t\t\t<\/div>\n\t\t\t\t<\/div>\n\t\t\t\t<div class=\"elementor-element elementor-element-2ee9163 elementor-widget elementor-widget-heading\" data-id=\"2ee9163\" data-element_type=\"widget\" data-widget_type=\"heading.default\">\n\t\t\t\t<div class=\"elementor-widget-container\">\n\t\t\t\t\t<h2 class=\"elementor-heading-title elementor-size-default\">Saint John (N.-B.)<\/h2>\t\t\t\t<\/div>\n\t\t\t\t<\/div>\n\t\t\t\t<div class=\"elementor-element elementor-element-6e2c368 elementor-widget elementor-widget-heading\" data-id=\"6e2c368\" data-element_type=\"widget\" data-widget_type=\"heading.default\">\n\t\t\t\t<div class=\"elementor-widget-container\">\n\t\t\t\t\t<p class=\"elementor-heading-title elementor-size-default\"><a href=\"https:\/\/www.familyplus.ca\/kits-place\" target=\"_blank\">Site web<\/a><\/p>\t\t\t\t<\/div>\n\t\t\t\t<\/div>\n\t\t\t\t<\/div>\n\t\t<div class=\"elementor-element elementor-element-7cc7351 e-con-full location-wrap e-flex e-con e-child\" data-id=\"7cc7351\" data-element_type=\"container\">\n\t\t\t\t<div class=\"elementor-element elementor-element-9c63c47 elementor-widget elementor-widget-heading\" data-id=\"9c63c47\" data-element_type=\"widget\" data-widget_type=\"heading.default\">\n\t\t\t\t<div class=\"elementor-widget-container\">\n\t\t\t\t\t<h2 class=\"elementor-heading-title elementor-size-default\">En d\u00e9veloppement<\/h2>\t\t\t\t<\/div>\n\t\t\t\t<\/div>\n\t\t\t\t<div class=\"elementor-element elementor-element-9dc6c6f elementor-widget elementor-widget-heading\" data-id=\"9dc6c6f\" data-element_type=\"widget\" data-widget_type=\"heading.default\">\n\t\t\t\t<div class=\"elementor-widget-container\">\n\t\t\t\t\t<h2 class=\"elementor-heading-title elementor-size-default\">Fredericton, N.-B.<\/h2>\t\t\t\t<\/div>\n\t\t\t\t<\/div>\n\t\t\t\t<\/div>\n\t\t<div class=\"elementor-element elementor-element-580e30c e-con-full location-wrap e-flex e-con e-child\" data-id=\"580e30c\" data-element_type=\"container\">\n\t\t\t\t<div class=\"elementor-element elementor-element-c3cbe41 elementor-widget elementor-widget-heading\" data-id=\"c3cbe41\" data-element_type=\"widget\" data-widget_type=\"heading.default\">\n\t\t\t\t<div class=\"elementor-widget-container\">\n\t\t\t\t\t<h2 class=\"elementor-heading-title elementor-size-default\">En d\u00e9veloppement<\/h2>\t\t\t\t<\/div>\n\t\t\t\t<\/div>\n\t\t\t\t<div class=\"elementor-element elementor-element-df9b248 elementor-widget elementor-widget-heading\" data-id=\"df9b248\" data-element_type=\"widget\" data-widget_type=\"heading.default\">\n\t\t\t\t<div class=\"elementor-widget-container\">\n\t\t\t\t\t<h2 class=\"elementor-heading-title elementor-size-default\">Tracadie, N.-B.<\/h2>\t\t\t\t<\/div>\n\t\t\t\t<\/div>\n\t\t\t\t<\/div>\n\t\t\t\t<\/div>\n\t\t\t\t\t<\/div>\n\t\t\t\t<\/div>\n\t\t<div class=\"elementor-element elementor-element-c919d33 e-flex e-con-boxed e-con e-parent\" data-id=\"c919d33\" data-element_type=\"container\">\n\t\t\t\t\t<div class=\"e-con-inner\">\n\t\t\t\t\t<\/div>\n\t\t\t\t<\/div>\n\t\t\t\t<\/div>","protected":false},"excerpt":{"rendered":"<p>Child and Youth Advocacy Centres in Atlantic Canada Our Locations Programs and services may vary by location. For more information, contact your local CYAC directly. Boreal Child and Youth Expertise Centre Dieppe, NB Website SeaStar Child and Youth Advocacy Centre Halifax, NS Website Kit&#8217;s Place CYAC Saint John, NB Website In development Fredericton, NB In [&hellip;]<\/p>","protected":false},"author":1,"featured_media":0,"parent":0,"menu_order":0,"comment_status":"closed","ping_status":"closed","template":"elementor_header_footer","meta":{"_acf_changed":false,"inline_featured_image":false,"footnotes":""},"class_list":["post-352","page","type-page","status-publish","hentry"],"acf":[],"_links":{"self":[{"href":"https:\/\/acyacn-racaej.ca\/fr\/wp-json\/wp\/v2\/pages\/352","targetHints":{"allow":["GET"]}}],"collection":[{"href":"https:\/\/acyacn-racaej.ca\/fr\/wp-json\/wp\/v2\/pages"}],"about":[{"href":"https:\/\/acyacn-racaej.ca\/fr\/wp-json\/wp\/v2\/types\/page"}],"author":[{"embeddable":true,"href":"https:\/\/acyacn-racaej.ca\/fr\/wp-json\/wp\/v2\/users\/1"}],"replies":[{"embeddable":true,"href":"https:\/\/acyacn-racaej.ca\/fr\/wp-json\/wp\/v2\/comments?post=352"}],"version-history":[{"count":133,"href":"https:\/\/acyacn-racaej.ca\/fr\/wp-json\/wp\/v2\/pages\/352\/revisions"}],"predecessor-version":[{"id":1017,"href":"https:\/\/acyacn-racaej.ca\/fr\/wp-json\/wp\/v2\/pages\/352\/revisions\/1017"}],"wp:attachment":[{"href":"https:\/\/acyacn-racaej.ca\/fr\/wp-json\/wp\/v2\/media?parent=352"}],"curies":[{"name":"wp","href":"https:\/\/api.w.org\/{rel}","templated":true}]}}